{"id":759,"date":"2020-07-17T10:07:51","date_gmt":"2020-07-17T13:07:51","guid":{"rendered":"https:\/\/escuelateodelina.educativa.org\/sitio\/?page_id=759"},"modified":"2020-08-10T19:50:27","modified_gmt":"2020-08-10T22:50:27","slug":"voluntariado","status":"publish","type":"page","link":"https:\/\/escuelateodelina.educativa.org\/sitio\/voluntariado\/","title":{"rendered":"Madrinas y Padrinos de San Dami\u00e1n"},"content":{"rendered":"<p>&nbsp;<\/p>\n<p>Te invitamos a ser parte del Centro Educativo San Dami\u00e1n. Tu aporte mensual es clave para seguir ofreciendo mejores alternativas de educaci\u00f3n a los ni\u00f1os y adolescentes que atiende\u00a0 la Asoc. Civil Juan Mar\u00eda.<\/p>\n<p><strong>Madrinas y padrinos del \u201cCentro Educativo San Dami\u00e1n\u201d.<\/strong><\/p>\n<h2>Para asociarte ingres\u00e1 tus datos haciendo click en el link debajo<\/h2>\n<h2><a href=\"https:\/\/docs.google.com\/forms\/d\/e\/1FAIpQLScfe0usldOqFUVlvLjag6IXzN6uwT1xRfgvEiY4TCMjeZm6yw\/viewform?vc=0&amp;c=0&amp;w=1&amp;usp=mail_form_link\">Link: Formulario de adhesi\u00f3n<\/a><\/h2>\n<p>Don\u00e1 dejando tus datos en este formulario seguro.\u00a0Para realizar una transferencia, estos son nuestros datos:<\/p>\n<p><strong>Transferencia Bancaria:<\/strong><\/p>\n<p><strong>Raz\u00f3n Social: Asociaci\u00f3n Civil con Personer\u00eda Jur\u00eddica Juan Mar\u00eda.<\/strong><\/p>\n<p><strong>CUIT 33-71622223-9<\/strong><\/p>\n<p><strong>Banco Macro Sucursal 343 &#8211; Villa Gobernador G\u00e1lvez.<\/strong><\/p>\n<p><strong>Cuenta Corriente N\u00ba 3-343-0941774891-2<\/strong><\/p>\n<p><strong>CBU: 2850343930094177489121<\/strong><\/p>\n<h2><\/h2>\n<p>Cuota Social mensual\u00a0 \u00a0 \u00a0 \u00a0 \u00a0 \u00a0$200.00.-<\/p>\n<p>Cuota Social anual\u00a0 \u00a0 \u00a0 \u00a0 \u00a0 \u00a0 \u00a0 \u00a0$2400.00.-<\/p>\n<p>Tambi\u00e9n podes realizar tu aporte por \u00fanica vez.<\/p>\n<p>Todos los valores son expresados en Pesos Argentinos (ARS $).<\/p>\n<p>Por favor, no te olvides de notificarnos de tu transferencia a: <a href=\"mailto:acjuanmaria@gmail.com\">acjuanmaria@gmail.com<\/a><\/p>\n<p>&nbsp;<\/p>\n","protected":false},"excerpt":{"rendered":"<p>&nbsp; Te invitamos a ser parte del Centro Educativo San Dami\u00e1n. Tu aporte mensual es clave para seguir ofreciendo mejores alternativas de educaci\u00f3n a los ni\u00f1os y adolescentes que atiende\u00a0 la Asoc. Civil Juan Mar\u00eda. Madrinas y padrinos del \u201cCentro Educativo San Dami\u00e1n\u201d. Para asociarte ingres\u00e1 tus datos haciendo click en el link debajo Link: &#8230; <a title=\"Madrinas y Padrinos de San Dami\u00e1n\" class=\"read-more\" href=\"https:\/\/escuelateodelina.educativa.org\/sitio\/voluntariado\/\" aria-label=\"More on Madrinas y Padrinos de San Dami\u00e1n\">[+]<\/a><\/p>\n","protected":false},"author":45,"featured_media":0,"parent":0,"menu_order":0,"comment_status":"closed","ping_status":"closed","template":"","meta":[],"acf":[],"_links":{"self":[{"href":"https:\/\/escuelateodelina.educativa.org\/sitio\/wp-json\/wp\/v2\/pages\/759"}],"collection":[{"href":"https:\/\/escuelateodelina.educativa.org\/sitio\/wp-json\/wp\/v2\/pages"}],"about":[{"href":"https:\/\/escuelateodelina.educativa.org\/sitio\/wp-json\/wp\/v2\/types\/page"}],"author":[{"embeddable":true,"href":"https:\/\/escuelateodelina.educativa.org\/sitio\/wp-json\/wp\/v2\/users\/45"}],"replies":[{"embeddable":true,"href":"https:\/\/escuelateodelina.educativa.org\/sitio\/wp-json\/wp\/v2\/comments?post=759"}],"version-history":[{"count":10,"href":"https:\/\/escuelateodelina.educativa.org\/sitio\/wp-json\/wp\/v2\/pages\/759\/revisions"}],"predecessor-version":[{"id":940,"href":"https:\/\/escuelateodelina.educativa.org\/sitio\/wp-json\/wp\/v2\/pages\/759\/revisions\/940"}],"wp:attachment":[{"href":"https:\/\/escuelateodelina.educativa.org\/sitio\/wp-json\/wp\/v2\/media?parent=759"}],"curies":[{"name":"wp","href":"https:\/\/api.w.org\/{rel}","templated":true}]}}