{"id":747,"date":"2020-07-17T10:06:55","date_gmt":"2020-07-17T13:06:55","guid":{"rendered":"https:\/\/escuelateodelina.educativa.org\/sitio\/?page_id=747"},"modified":"2020-08-05T12:01:47","modified_gmt":"2020-08-05T15:01:47","slug":"mision-2","status":"publish","type":"page","link":"https:\/\/escuelateodelina.educativa.org\/sitio\/mision-2\/","title":{"rendered":"Misi\u00f3n \/ Visi\u00f3n \/ Valores"},"content":{"rendered":"<p><strong>Misi\u00f3n<img decoding=\"async\" loading=\"lazy\" class=\" wp-image-897 alignright\" src=\"https:\/\/escuelateodelina.educativa.org\/sitio\/wp-content\/uploads\/2020\/08\/Images-SD-3.jpg\" alt=\"\" width=\"366\" height=\"245\" \/><\/strong><\/p>\n<p><strong>\u00a0<\/strong>Contribuir y acompa\u00f1ar el crecimiento y desarrollo integral de ni\u00f1os y j\u00f3venes por medio del acceso a la educaci\u00f3n, capacitaci\u00f3n, recreaci\u00f3n y servicios sociales.<\/p>\n<p><strong>\u00a0<\/strong><\/p>\n<p>&nbsp;<\/p>\n<p><strong>Visi\u00f3n<\/strong><\/p>\n<p><strong>\u00a0<\/strong>-. Promover el desarrollo personal.<\/p>\n<p>-. Afianzar la integraci\u00f3n comunitaria.<\/p>\n<p>-. Estimular la educaci\u00f3n y cultura del trabajo.<\/p>\n<p>-. Cultivar la cultura del buen trato.<\/p>\n<p><strong>\u00a0<\/strong><\/p>\n<p><strong>Valores<\/strong><\/p>\n<p><strong>\u00a0\u00a0<\/strong>Motivamos a vivir los valores de dignidad de la persona humana, solidaridad, superaci\u00f3n personal, responsabilidad, creatividad y autogesti\u00f3n.<\/p>\n","protected":false},"excerpt":{"rendered":"<p>Misi\u00f3n \u00a0Contribuir y acompa\u00f1ar el crecimiento y desarrollo integral de ni\u00f1os y j\u00f3venes por medio del acceso a la educaci\u00f3n, capacitaci\u00f3n, recreaci\u00f3n y servicios sociales. \u00a0 &nbsp; Visi\u00f3n \u00a0-. Promover el desarrollo personal. -. Afianzar la integraci\u00f3n comunitaria. -. Estimular la educaci\u00f3n y cultura del trabajo. -. Cultivar la cultura del buen trato. \u00a0 Valores &#8230; <a title=\"Misi\u00f3n \/ Visi\u00f3n \/ Valores\" class=\"read-more\" href=\"https:\/\/escuelateodelina.educativa.org\/sitio\/mision-2\/\" aria-label=\"More on Misi\u00f3n \/ Visi\u00f3n \/ Valores\">[+]<\/a><\/p>\n","protected":false},"author":45,"featured_media":0,"parent":0,"menu_order":0,"comment_status":"closed","ping_status":"closed","template":"","meta":[],"acf":[],"_links":{"self":[{"href":"https:\/\/escuelateodelina.educativa.org\/sitio\/wp-json\/wp\/v2\/pages\/747"}],"collection":[{"href":"https:\/\/escuelateodelina.educativa.org\/sitio\/wp-json\/wp\/v2\/pages"}],"about":[{"href":"https:\/\/escuelateodelina.educativa.org\/sitio\/wp-json\/wp\/v2\/types\/page"}],"author":[{"embeddable":true,"href":"https:\/\/escuelateodelina.educativa.org\/sitio\/wp-json\/wp\/v2\/users\/45"}],"replies":[{"embeddable":true,"href":"https:\/\/escuelateodelina.educativa.org\/sitio\/wp-json\/wp\/v2\/comments?post=747"}],"version-history":[{"count":3,"href":"https:\/\/escuelateodelina.educativa.org\/sitio\/wp-json\/wp\/v2\/pages\/747\/revisions"}],"predecessor-version":[{"id":898,"href":"https:\/\/escuelateodelina.educativa.org\/sitio\/wp-json\/wp\/v2\/pages\/747\/revisions\/898"}],"wp:attachment":[{"href":"https:\/\/escuelateodelina.educativa.org\/sitio\/wp-json\/wp\/v2\/media?parent=747"}],"curies":[{"name":"wp","href":"https:\/\/api.w.org\/{rel}","templated":true}]}}