{"id":743,"date":"2020-07-17T10:06:37","date_gmt":"2020-07-17T13:06:37","guid":{"rendered":"https:\/\/escuelateodelina.educativa.org\/sitio\/?page_id=743"},"modified":"2020-08-10T10:37:36","modified_gmt":"2020-08-10T13:37:36","slug":"historia-2","status":"publish","type":"page","link":"https:\/\/escuelateodelina.educativa.org\/sitio\/historia-2\/","title":{"rendered":"\u00bfQui\u00e9nes somos?"},"content":{"rendered":"<p>&nbsp;<\/p>\n<p><strong>\u00bfQui\u00e9nes somos?<img decoding=\"async\" loading=\"lazy\" class=\" wp-image-894 alignleft\" src=\"https:\/\/escuelateodelina.educativa.org\/sitio\/wp-content\/uploads\/2020\/08\/San-Damian-1.png\" alt=\"\" width=\"280\" height=\"268\" \/><\/strong><\/p>\n<p>Somos la Asociaci\u00f3n Civil con Personer\u00eda Jur\u00eddica Juan Mar\u00eda, pensada y creada con el objeto de asistir a ni\u00f1os y j\u00f3venes en situaci\u00f3n de vulnerabilidad socio-econ\u00f3mica.<\/p>\n<p><strong>\u00a0<\/strong><\/p>\n<p><strong>\u00bfD\u00f3nde estamos?<\/strong><\/p>\n<p>En la ciudad de Villa Gobernador G\u00e1lvez, Santa Fe, Argentina. Barrio \u201cEl Eucaliptal\u201d, uno de los 28 asentamientos irregulares de la ciudad. All\u00ed, en las intersecciones\u00a0 de las calles Libertad y Magallanes, se encuentra\u00a0 el \u201cCentro Educativo San Dami\u00e1n\u201d. Lugar peque\u00f1o en lo edilicio, pero grande, muy grande, en material humano. Generador de compromiso y solidaridad. Nuestro mayor capital es el sentido de pertenencia de los ni\u00f1os y j\u00f3venes que lo habitan generaci\u00f3n tras generaci\u00f3n.<img decoding=\"async\" loading=\"lazy\" class=\"wp-image-891 alignright\" src=\"https:\/\/escuelateodelina.educativa.org\/sitio\/wp-content\/uploads\/2020\/08\/Img-comedor-SD.jpg\" alt=\"\" width=\"314\" height=\"206\" \/><\/p>\n<p>&nbsp;<\/p>\n<p><strong>\u00bfQu\u00e9 hacemos?<\/strong><\/p>\n<p>Nuestro objetivo es y ser\u00e1 siempre educar y evangelizar.\u00a0 \u00a0 \u00a0 \u00a0 \u00a0Acompa\u00f1amos a los ni\u00f1os y j\u00f3venes en su desarrollo personal, formando en valores, motivando la cultura del estudio y el trabajo, mostr\u00e1ndoles que hay un mundo de posibilidades esperando por ellos, que las oportunidades llegar\u00e1n en la medida que aprendan a buscarlas, que la educaci\u00f3n es la base, que tienen permitido so\u00f1ar con un futuro mejor.<\/p>\n","protected":false},"excerpt":{"rendered":"<p>&nbsp; \u00bfQui\u00e9nes somos? Somos la Asociaci\u00f3n Civil con Personer\u00eda Jur\u00eddica Juan Mar\u00eda, pensada y creada con el objeto de asistir a ni\u00f1os y j\u00f3venes en situaci\u00f3n de vulnerabilidad socio-econ\u00f3mica. \u00a0 \u00bfD\u00f3nde estamos? En la ciudad de Villa Gobernador G\u00e1lvez, Santa Fe, Argentina. Barrio \u201cEl Eucaliptal\u201d, uno de los 28 asentamientos irregulares de la ciudad. All\u00ed, &#8230; <a title=\"\u00bfQui\u00e9nes somos?\" class=\"read-more\" href=\"https:\/\/escuelateodelina.educativa.org\/sitio\/historia-2\/\" aria-label=\"More on \u00bfQui\u00e9nes somos?\">[+]<\/a><\/p>\n","protected":false},"author":45,"featured_media":0,"parent":0,"menu_order":0,"comment_status":"closed","ping_status":"closed","template":"","meta":[],"acf":[],"_links":{"self":[{"href":"https:\/\/escuelateodelina.educativa.org\/sitio\/wp-json\/wp\/v2\/pages\/743"}],"collection":[{"href":"https:\/\/escuelateodelina.educativa.org\/sitio\/wp-json\/wp\/v2\/pages"}],"about":[{"href":"https:\/\/escuelateodelina.educativa.org\/sitio\/wp-json\/wp\/v2\/types\/page"}],"author":[{"embeddable":true,"href":"https:\/\/escuelateodelina.educativa.org\/sitio\/wp-json\/wp\/v2\/users\/45"}],"replies":[{"embeddable":true,"href":"https:\/\/escuelateodelina.educativa.org\/sitio\/wp-json\/wp\/v2\/comments?post=743"}],"version-history":[{"count":5,"href":"https:\/\/escuelateodelina.educativa.org\/sitio\/wp-json\/wp\/v2\/pages\/743\/revisions"}],"predecessor-version":[{"id":926,"href":"https:\/\/escuelateodelina.educativa.org\/sitio\/wp-json\/wp\/v2\/pages\/743\/revisions\/926"}],"wp:attachment":[{"href":"https:\/\/escuelateodelina.educativa.org\/sitio\/wp-json\/wp\/v2\/media?parent=743"}],"curies":[{"name":"wp","href":"https:\/\/api.w.org\/{rel}","templated":true}]}}