{"id":717,"date":"2020-07-17T09:41:22","date_gmt":"2020-07-17T12:41:22","guid":{"rendered":"https:\/\/escuelateodelina.educativa.org\/sitio\/?page_id=717"},"modified":"2020-07-29T13:40:39","modified_gmt":"2020-07-29T16:40:39","slug":"historia","status":"publish","type":"page","link":"https:\/\/escuelateodelina.educativa.org\/sitio\/historia\/","title":{"rendered":"Historia"},"content":{"rendered":"<h2 style=\"text-align: center;\"><strong>\u00a0\u00a0\u00a0\u00a0\u00a0\u00a0\u00a0\u00a0\u00a0\u00a0\u00a0\u00a0\u00a0\u00a0\u00a0\u00a0\u00a0\u00a0\u00a0Colegio \u201cTeodelina F. de Alvear\u201d<\/strong><\/h2>\n<h2 style=\"text-align: center;\"><strong><em>\u00a0\u00a0\u00a0\u00a0\u00a0\u00a0\u00a0\u00a0\u00a0\u00a0\u00a0\u00a0\u00a0\u00a0\u00a0\u00a0\u00a0\u00a0\u00a0 HH Menesianos\u00a0<\/em><\/strong><\/h2>\n<h2 style=\"text-align: center;\">\u00a0 \u00a0 \u00a0 \u00a0 \u00a0 \u00a0 \u00a0 \u00a0 \u00a0 \u00a0Bv. San Diego 1056\u00a0\u00a0 &#8211;\u00a0 Villa Gdor. G\u00e1lvez (Santa Fe)<\/h2>\n<p>En el a\u00f1o 1909, en Par\u00eds, fallece la Sra. Teodelina Fern\u00e1ndez de Alvear, quien hab\u00eda expresado la voluntad de que se<img decoding=\"async\" loading=\"lazy\" class=\"alignright wp-image-653\" src=\"https:\/\/escuelateodelina.educativa.org\/sitio\/wp-content\/uploads\/2020\/07\/Foto-escuela-perfil-II-1000x750.jpg\" alt=\"\" width=\"289\" height=\"217\" \/> levantase una escuela para los colonos de su tierra en el predio que pose\u00eda en Villa Diego.<\/p>\n<p>Alrededor del a\u00f1o 1910 se comienza a construir el colegio al que luego se le\u00a0 anexa\u00a0 una\u00a0 hermosa\u00a0 capilla dedicada al \u201cSagrado Coraz\u00f3n de Jes\u00fas\u201d. Los Alvear entregaron\u00a0 el\u00a0 colegio\u00a0 a\u00a0 los\u00a0 Padres\u00a0 Capuchinos, quienes llegaron\u00a0 el\u00a0 24\u00a0 de marzo de 1914.<\/p>\n<p>El 7 de mayo de 1914 se inician las clases. Se impart\u00eda ense\u00f1anza hasta 4to. Grado.<\/p>\n<p>El 25 de febrero de 1921, los herederos de la familia Alvear dispusieron\u00a0 hacer\u00a0 la\u00a0 donaci\u00f3n\u00a0 a los Padres Capuchinos para\u00a0 el\u00a0 funcionamiento\u00a0 de\u00a0 una\u00a0 escuela\u00a0 de\u00a0 alumnos\u00a0 internos\u00a0 y\u00a0 externos\u00a0 que\u00a0 conservar\u00eda\u00a0 el\u00a0 nombre\u00a0 \u201cTeodelina Fern\u00e1ndez de Alvear\u201d y por ning\u00fan motivo podr\u00eda cambiarse.<\/p>\n<p>El\u00a0 23\u00a0 de\u00a0 noviembre\u00a0 de\u00a0 1953,\u00a0 por\u00a0 resoluci\u00f3n\u00a0 oficial\u00a0 se\u00a0 funda el Establecimiento Privado Incorporado Nacional \u201cPadres Capuchinos\u201d.<\/p>\n<p>Entre 1914 y 1966 fueron\u00a0 los\u00a0 Padres\u00a0 Capuchinos, fieles\u00a0 seguidores\u00a0 de\u00a0 San Francisco de As\u00eds, quienes abrieron las puertas del colegio, a tantos ni\u00f1os \u00e1vidos de educaci\u00f3n cristiana.<\/p>\n<p>En el a\u00f1o 1967,\u00a0 dado\u00a0 que\u00a0 los\u00a0 Padres\u00a0 Capuchinos\u00a0 carec\u00edan\u00a0 de\u00a0 personal\u00a0 religioso,\u00a0 deciden\u00a0 dejar\u00a0 en\u00a0 manos de la Congregaci\u00f3n de los Hermanos Menesianos la funci\u00f3n educativa de los niveles Primario y Secundario.<\/p>\n<p>A partir de 1967 \u00a0y hasta la actualidad los Hermanos de la Instrucci\u00f3n Cristiana (Hermanos\u00a0 Menesianos)\u00a0 siguiendo las huellas de Juan\u00a0 Mar\u00eda de\u00a0 la\u00a0 Mennais\u00a0 contin\u00faan\u00a0 educando\u00a0 integralmente\u00a0 a\u00a0 muchos\u00a0 ni\u00f1os\u00a0 y\u00a0 j\u00f3venes\u00a0 de\u00a0 Villa Gobernador G\u00e1lvez y zonas aleda\u00f1as.<\/p>\n<p>La propuesta \u00a0educativa \u00a0menesiana es \u00a0la formaci\u00f3n \u00a0integral de sus \u00a0alumnos: \u201c<strong>instruir, educar\u00a0 y\u00a0 evangelizar en un mismo acto y en una misma persona<\/strong>\u201d, con el objetivo de formar ciudadanos- cristianos\u00a0 que\u00a0 se inserten en la sociedad como hombres y mujeres de bien deseosos de dar a conocer a Jesucristo a trav\u00e9s de sus\u00a0 palabras\u00a0 y de sus actos.<\/p>\n<p><strong>\u00a0<\/strong><\/p>\n<p><em><strong>PADRE FUNDADOR\u00a0 \u00a0 \u00a0 \u00a0 \u00a0 \u00a0 \u00a0 \u00a0 \u00a0 \u00a0 \u00a0 \u00a0 \u00a0 \u00a0 \u00a0 \u00a0 \u00a0 \u00a0 \u00a0 \u00a0 \u00a0 \u00a0 \u00a0 \u00a0 \u00a0 \u00a0 \u00a0 \u00a0 \u00a0 \u00a0 \u00a0 \u00a0 \u00a0 <img decoding=\"async\" loading=\"lazy\" class=\"size-full wp-image-821 alignright\" src=\"https:\/\/escuelateodelina.educativa.org\/sitio\/wp-content\/uploads\/2020\/07\/imagen-JMLM.jpg\" alt=\"\" width=\"182\" height=\"278\" \/>\u00a0<\/strong><\/em><\/p>\n<p><em><strong>\u201cJUAN MAR\u00cdA DE LA MENNAIS\u201d<\/strong><\/em><\/p>\n<p><em><strong>\u00a0 Los ojos abiertos a m\u00e1s vida<\/strong><\/em><\/p>\n<p>&nbsp;<\/p>\n<p>H<em>ablar de\u00a0Juan Mar\u00eda\u00a0 de\u00a0 \u00a0la\u00a0 \u00a0Mennais\u00a0es\u00a0 hablar\u00a0 de un hombre de mirada dilatada.\u00a0 \u00a0 A\u00a0 lo\u00a0 ancho\u00a0 y\u00a0 a\u00a0 o profundo. Capaz\u00a0 de\u00a0 ver\u00a0 m\u00e1s\u00a0 cosas,\u00a0 pero,\u00a0 sobre\u00a0 todo, de\u00a0 \u00a0verlas\u00a0 mejor.\u00a0 De\u00a0 perforar la realidad para descubrir en ella su sentido m\u00e1s hondo. <\/em><\/p>\n<p><em>\u00a0 Donde los dem\u00e1s vemos j\u00f3venes an\u00f3nimos, acontecimientos\u00a0 opacos,\u00a0 carencias\u2026, \u00e9l descubr\u00eda rostros vivos y corazones palpitantes en busca de una respuesta solidaria. As\u00ed anduvo por la vida: mir\u00e1ndola\u00a0 con los ojos permanentemente bien abiertos en\u00a0 cada\u00a0 esquina\u00a0 a\u00a0 la sorpresa\u00a0 de Dios, que\u00a0 llama y\u00a0 requiere,\u00a0 invita\u00a0 \u00a0y\u00a0 gozosamente\u00a0 \u00a0compromete.\u00a0 Y\u00a0 esa\u00a0 mirada\u00a0 estaba\u00a0 cargada\u00a0 de\u00a0 amor entra\u00f1able, de compasi\u00f3n enternecida.<\/em><\/p>\n<p>&nbsp;<\/p>\n<p><em>\u00a0 Le dol\u00edan los ni\u00f1os y los j\u00f3venes abandonados a su suerte, a quienes amaba apasionadamente. Se apasionaba por ellos,\u00a0 porque\u00a0 los\u00a0 percib\u00eda\u00a0 m\u00e1s\u00a0 fr\u00e1giles\u00a0 y\u00a0 vulnerables,\u00a0 m\u00e1s\u00a0 inermes\u00a0 y\u00a0 desvalidos,\u00a0 las\u00a0 manos\u00a0 vac\u00edas,\u00a0 \u00a0repletas solamente de futuro. Y en esta marcha de amor hacia los\u00a0 j\u00f3venes,\u00a0 encontr\u00f3 el camino, pero no logr\u00f3\u00a0 encontrar\u00a0 el dique o la frontera. So\u00f1\u00f3 la\u00a0 educaci\u00f3n como\u00a0 el\u00a0 camino apto, mejor, m\u00e1s duradero para dotar a los j\u00f3venes\u00a0 de\u00a0 un porvenir m\u00e1s cierto. Pero no\u00a0 quiso,\u00a0 ni supo,\u00a0 ni pudo poner filtros a aquella mirada penetrante que Dios\u00a0 le\u00a0 regal\u00f3 para ver necesidades.<\/em><\/p>\n<p>&nbsp;<\/p>\n<p><em>\u00a0 Donde nadie llegaba a educar cristianamente quiso que estuvieran sus hijos: en los pueblos m\u00e1s peque\u00f1os, en los pa\u00edses misioneros, en los campos de esclavos de los tiempos coloniales\u2026<\/em><\/p>\n<p>&nbsp;<\/p>\n<p><em>\u00a0 Hasta el extremo. Que\u00a0 nada\u00a0 hay\u00a0 demasiado\u00a0 duro,\u00a0 ni\u00a0 dif\u00edcil,\u00a0 ni\u00a0 arriesgado para quien camina con DIOS SOLO.<\/em><\/p>\n<p><em>(Hermano Josu F. Olabarrieta)<\/em><\/p>\n","protected":false},"excerpt":{"rendered":"<p>\u00a0\u00a0\u00a0\u00a0\u00a0\u00a0\u00a0\u00a0\u00a0\u00a0\u00a0\u00a0\u00a0\u00a0\u00a0\u00a0\u00a0\u00a0\u00a0Colegio \u201cTeodelina F. de Alvear\u201d \u00a0\u00a0\u00a0\u00a0\u00a0\u00a0\u00a0\u00a0\u00a0\u00a0\u00a0\u00a0\u00a0\u00a0\u00a0\u00a0\u00a0\u00a0\u00a0 HH Menesianos\u00a0 \u00a0 \u00a0 \u00a0 \u00a0 \u00a0 \u00a0 \u00a0 \u00a0 \u00a0 \u00a0Bv. San Diego 1056\u00a0\u00a0 &#8211;\u00a0 Villa Gdor. G\u00e1lvez (Santa Fe) En el a\u00f1o 1909, en Par\u00eds, fallece la Sra. Teodelina Fern\u00e1ndez de Alvear, quien hab\u00eda expresado la voluntad de que se levantase una escuela para los colonos de &#8230; <a title=\"Historia\" class=\"read-more\" href=\"https:\/\/escuelateodelina.educativa.org\/sitio\/historia\/\" aria-label=\"More on Historia\">[+]<\/a><\/p>\n","protected":false},"author":45,"featured_media":0,"parent":0,"menu_order":0,"comment_status":"closed","ping_status":"closed","template":"","meta":[],"acf":[],"_links":{"self":[{"href":"https:\/\/escuelateodelina.educativa.org\/sitio\/wp-json\/wp\/v2\/pages\/717"}],"collection":[{"href":"https:\/\/escuelateodelina.educativa.org\/sitio\/wp-json\/wp\/v2\/pages"}],"about":[{"href":"https:\/\/escuelateodelina.educativa.org\/sitio\/wp-json\/wp\/v2\/types\/page"}],"author":[{"embeddable":true,"href":"https:\/\/escuelateodelina.educativa.org\/sitio\/wp-json\/wp\/v2\/users\/45"}],"replies":[{"embeddable":true,"href":"https:\/\/escuelateodelina.educativa.org\/sitio\/wp-json\/wp\/v2\/comments?post=717"}],"version-history":[{"count":8,"href":"https:\/\/escuelateodelina.educativa.org\/sitio\/wp-json\/wp\/v2\/pages\/717\/revisions"}],"predecessor-version":[{"id":2737,"href":"https:\/\/escuelateodelina.educativa.org\/sitio\/wp-json\/wp\/v2\/pages\/717\/revisions\/2737"}],"wp:attachment":[{"href":"https:\/\/escuelateodelina.educativa.org\/sitio\/wp-json\/wp\/v2\/media?parent=717"}],"curies":[{"name":"wp","href":"https:\/\/api.w.org\/{rel}","templated":true}]}}