{"id":710,"date":"2020-07-17T09:33:57","date_gmt":"2020-07-17T12:33:57","guid":{"rendered":"https:\/\/escuelateodelina.educativa.org\/sitio\/?page_id=710"},"modified":"2020-08-07T08:07:26","modified_gmt":"2020-08-07T11:07:26","slug":"nivel-secundario","status":"publish","type":"page","link":"https:\/\/escuelateodelina.educativa.org\/sitio\/nivel-secundario\/","title":{"rendered":"Nivel Secundario"},"content":{"rendered":"<p style=\"text-align: center;\">Nuestra escuela se caracteriza por ofrecer una propuesta educativa de calidad, integral e inclusiva. Los\/as alumnos\/as reciben una formaci\u00f3n que atiende a las diversas dimensiones de la persona humana y a las distintas realidades y necesidades actuales.<\/p>\n<p style=\"text-align: center;\">Se\u00a0 promueve\u00a0 una\u00a0 fuerte\u00a0 ense\u00f1anza\u00a0 acad\u00e9mica\u00a0 unida\u00a0 al\u00a0 desarrollo\u00a0 de\u00a0 habilidades\u00a0 socioemocionales\u00a0 y competencias necesarias para la inserci\u00f3n en la sociedad, tales como el an\u00e1lisis cr\u00edtico, el pensamiento creativo, el trabajo colaborativo, el di\u00e1logo constructivo, la toma de decisiones y la resoluci\u00f3n de conflictos.<\/p>\n<p style=\"text-align: center;\">La\u00a0 instituci\u00f3n\u00a0 propone\u00a0 una\u00a0 educaci\u00f3n\u00a0 orientada\u00a0 hacia\u00a0 la\u00a0 s\u00edntesis\u00a0 cultura, fe y vida,\u00a0 entiende a\u00a0 Jes\u00fas y su Evangelio como el camino verdadero que conduce a la plenitud de la existencia. La generosidad, la\u00a0 responsabilidad, el servicio, la solidaridad y la comuni\u00f3n fraterna son valores que orientan nuestra tarea educativa y \u00a0colorean nuestra labor.<\/p>\n<p style=\"text-align: center;\">El\u00a0 Nivel\u00a0 Secundario\u00a0 se\u00a0 compone\u00a0 de\u00a0 dos\u00a0 ciclos:\u00a0 el\u00a0 Ciclo\u00a0 B\u00e1sico\u00a0 (1er y 2do A\u00f1o),\u00a0 con\u00a0 los mismos Espacios Curriculares y\u00a0 similar carga\u00a0 horaria\u00a0 para\u00a0 todas\u00a0 las\u00a0 escuelas\u00a0 del\u00a0 pa\u00eds \u00a0y el Ciclo Orientado (3ro, 4to y 5to A\u00f1o) que ofrece\u00a0 \u00a0tres\u00a0 \u00a0modalidades:\u00a0 \u00a0Econom\u00eda\u00a0 \u00a0y\u00a0 \u00a0Administraci\u00f3n,\u00a0 Ciencias\u00a0 Sociales\u00a0 y\u00a0 Ciencias\u00a0 Naturales,\u00a0 con\u00a0 diferentes Espacios Curriculares (un total de 58 asignaturas para cada modalidad) y distinta carga horaria.<\/p>\n<p style=\"text-align: center;\">Como\u00a0 comunidad\u00a0 educativa\u00a0 sostenemos\u00a0 que\u00a0 la\u00a0 educaci\u00f3n\u00a0 y\u00a0 la\u00a0 evangelizaci\u00f3n\u00a0 est\u00e1n\u00a0 \u00edntimamente ligadas: educamos\u00a0 evangelizando\u00a0 y\u00a0 evangelizamos\u00a0 educando.\u00a0 Nuestros\u00a0 egresados\u00a0 se\u00a0 destacan por su excelente formaci\u00f3n acad\u00e9mica, la instrucci\u00f3n se une a la educaci\u00f3n y a la evangelizaci\u00f3n, y por su identificaci\u00f3n con los valores humanos y cristianos.<\/p>\n<p style=\"text-align: center;\">La escolaridad secundaria propone una formaci\u00f3n integral que colabore con las familias, primeras educadoras, integr\u00e1ndolas a la comunidad educativa y fortaleciendo lazos fraternos.<\/p>\n<p style=\"text-align: center;\">Durante\u00a0 el\u00a0 trayecto educativo de este nivel se aspira a profundizar, en el alumnado, las claves de la pedagog\u00eda menesiana, teniendo como ejemplo a nuestro fundador Juan Mar\u00eda de la Menais. Se les ofrecen a los\/as alumnos\/as diferentes oportunidades de llevar la Palabra a diferentes entornos y hacer experiencia de vida.<\/p>\n<p style=\"text-align: center;\">El objetivo de la escuela secundaria menesiana es formar hombres y mujeres instruidos, pero sensibles a las realidades que les impone el mundo actual.<\/p>\n","protected":false},"excerpt":{"rendered":"<p>Nuestra escuela se caracteriza por ofrecer una propuesta educativa de calidad, integral e inclusiva. Los\/as alumnos\/as reciben una formaci\u00f3n que atiende a las diversas dimensiones de la persona humana y a las distintas realidades y necesidades actuales. Se\u00a0 promueve\u00a0 una\u00a0 fuerte\u00a0 ense\u00f1anza\u00a0 acad\u00e9mica\u00a0 unida\u00a0 al\u00a0 desarrollo\u00a0 de\u00a0 habilidades\u00a0 socioemocionales\u00a0 y competencias necesarias para la inserci\u00f3n &#8230; <a title=\"Nivel Secundario\" class=\"read-more\" href=\"https:\/\/escuelateodelina.educativa.org\/sitio\/nivel-secundario\/\" aria-label=\"More on Nivel Secundario\">[+]<\/a><\/p>\n","protected":false},"author":45,"featured_media":0,"parent":0,"menu_order":0,"comment_status":"closed","ping_status":"closed","template":"","meta":[],"acf":[],"_links":{"self":[{"href":"https:\/\/escuelateodelina.educativa.org\/sitio\/wp-json\/wp\/v2\/pages\/710"}],"collection":[{"href":"https:\/\/escuelateodelina.educativa.org\/sitio\/wp-json\/wp\/v2\/pages"}],"about":[{"href":"https:\/\/escuelateodelina.educativa.org\/sitio\/wp-json\/wp\/v2\/types\/page"}],"author":[{"embeddable":true,"href":"https:\/\/escuelateodelina.educativa.org\/sitio\/wp-json\/wp\/v2\/users\/45"}],"replies":[{"embeddable":true,"href":"https:\/\/escuelateodelina.educativa.org\/sitio\/wp-json\/wp\/v2\/comments?post=710"}],"version-history":[{"count":4,"href":"https:\/\/escuelateodelina.educativa.org\/sitio\/wp-json\/wp\/v2\/pages\/710\/revisions"}],"predecessor-version":[{"id":914,"href":"https:\/\/escuelateodelina.educativa.org\/sitio\/wp-json\/wp\/v2\/pages\/710\/revisions\/914"}],"wp:attachment":[{"href":"https:\/\/escuelateodelina.educativa.org\/sitio\/wp-json\/wp\/v2\/media?parent=710"}],"curies":[{"name":"wp","href":"https:\/\/api.w.org\/{rel}","templated":true}]}}