{"id":706,"date":"2020-07-17T09:33:40","date_gmt":"2020-07-17T12:33:40","guid":{"rendered":"https:\/\/escuelateodelina.educativa.org\/sitio\/?page_id=706"},"modified":"2020-08-05T11:40:01","modified_gmt":"2020-08-05T14:40:01","slug":"nivel-primario","status":"publish","type":"page","link":"https:\/\/escuelateodelina.educativa.org\/sitio\/nivel-primario\/","title":{"rendered":"Nivel Primario"},"content":{"rendered":"<p><img decoding=\"async\" loading=\"lazy\" class=\"wp-image-885 alignleft\" src=\"https:\/\/escuelateodelina.educativa.org\/sitio\/wp-content\/uploads\/2020\/08\/num1_juan_maria.jpg\" alt=\"\" width=\"274\" height=\"366\" \/><\/p>\n<p><strong>\u00a0 \u00a0 La Educaci\u00f3n Primaria es obligatoria y constituye una unidad pedag\u00f3gica y organizativa destinada a la formaci\u00f3n de los ni\u00f1os y las ni\u00f1as a partir de los seis a\u00f1os de edad. Tiene por finalidad proporcionar una formaci\u00f3n integral, b\u00e1sica y com\u00fan y sus objetivos son garantizar a todos los ni\u00f1os el acceso a un conjunto de saberes comunes que les permitan participar de manera plena y acorde a su edad en la vida familiar, escolar y comunitaria.<br \/>\nA partir de los 6 a\u00f1os las ni\u00f1as y los ni\u00f1os despliegan en la escuela un abanico de construcciones: inventan, practican, sienten, expresan con el cuerpo, con las palabras, con m\u00e1s s\u00edmbolos, con el arte.<br \/>\nEn este recorrido de siete a\u00f1os, las letras y los n\u00fameros, los textos y las situaciones reflexivas, la vida en la naturaleza, la historia, la escucha de otras opiniones se asientan sobre los caminos que cada ni\u00f1o y cada ni\u00f1a decide andar. Mientras avanzan, en los encuentros con pares y maestros, cada quien aprende y ense\u00f1a.<\/strong><\/p>\n<p><em><strong>\u00a0 \u00a0Nuestra propuesta educativa menesiana se centra en la educaci\u00f3n Integral del ni\u00f1o y de las ni\u00f1as, form\u00e1ndolos en valores cristianos y humanos acordes al carisma \u00a0menesiano: instruir, educar y evangelizar en el mismo acto. \u00a0Educar y formar a los alumnos y las alumnas en su dimensi\u00f3n personal, social, cultural y religiosa, es nuestra finalidad.<\/strong><\/em><\/p>\n<p><em><strong><img decoding=\"async\" loading=\"lazy\" class=\"alignright wp-image-887 \" src=\"https:\/\/escuelateodelina.educativa.org\/sitio\/wp-content\/uploads\/2020\/08\/Foto-fachada-oeste.jpg\" alt=\"\" width=\"442\" height=\"318\" \/>\u00a0\u00a0\u00a0\u00a0 <\/strong><\/em><\/p>\n<p><em><strong>\u00a0Para una escuela menesiana la centralidad est\u00e1 en el alumno\/a, consider\u00e1ndolos como protagonistas de todas nuestras acciones, respetando sus cualidades personales y sus estilos de aprendizaje. <\/strong><\/em><\/p>\n<p><em><strong>\u00a0Promovemos\u00a0 aprendizajes significativos en los que, ni\u00f1os y ni\u00f1as, adquieran las habilidades necesarias para convertirse en estudiantes creativos y cr\u00edticos, desarrollen su autonom\u00eda y ampl\u00eden su horizonte cultural. Tambi\u00e9n fomentamos en los alumnos \u00a0el crecimiento en el manejo de la responsabilidad y la incorporaci\u00f3n de aquellos valores que subyacen a las normas de convivencia.<\/strong><\/em><\/p>\n","protected":false},"excerpt":{"rendered":"<p>\u00a0 \u00a0 La Educaci\u00f3n Primaria es obligatoria y constituye una unidad pedag\u00f3gica y organizativa destinada a la formaci\u00f3n de los ni\u00f1os y las ni\u00f1as a partir de los seis a\u00f1os de edad. Tiene por finalidad proporcionar una formaci\u00f3n integral, b\u00e1sica y com\u00fan y sus objetivos son garantizar a todos los ni\u00f1os el acceso a un &#8230; <a title=\"Nivel Primario\" class=\"read-more\" href=\"https:\/\/escuelateodelina.educativa.org\/sitio\/nivel-primario\/\" aria-label=\"More on Nivel Primario\">[+]<\/a><\/p>\n","protected":false},"author":45,"featured_media":0,"parent":0,"menu_order":0,"comment_status":"closed","ping_status":"closed","template":"","meta":[],"acf":[],"_links":{"self":[{"href":"https:\/\/escuelateodelina.educativa.org\/sitio\/wp-json\/wp\/v2\/pages\/706"}],"collection":[{"href":"https:\/\/escuelateodelina.educativa.org\/sitio\/wp-json\/wp\/v2\/pages"}],"about":[{"href":"https:\/\/escuelateodelina.educativa.org\/sitio\/wp-json\/wp\/v2\/types\/page"}],"author":[{"embeddable":true,"href":"https:\/\/escuelateodelina.educativa.org\/sitio\/wp-json\/wp\/v2\/users\/45"}],"replies":[{"embeddable":true,"href":"https:\/\/escuelateodelina.educativa.org\/sitio\/wp-json\/wp\/v2\/comments?post=706"}],"version-history":[{"count":5,"href":"https:\/\/escuelateodelina.educativa.org\/sitio\/wp-json\/wp\/v2\/pages\/706\/revisions"}],"predecessor-version":[{"id":889,"href":"https:\/\/escuelateodelina.educativa.org\/sitio\/wp-json\/wp\/v2\/pages\/706\/revisions\/889"}],"wp:attachment":[{"href":"https:\/\/escuelateodelina.educativa.org\/sitio\/wp-json\/wp\/v2\/media?parent=706"}],"curies":[{"name":"wp","href":"https:\/\/api.w.org\/{rel}","templated":true}]}}