{"id":702,"date":"2020-07-17T09:33:16","date_gmt":"2020-07-17T12:33:16","guid":{"rendered":"https:\/\/escuelateodelina.educativa.org\/sitio\/?page_id=702"},"modified":"2020-09-12T08:25:40","modified_gmt":"2020-09-12T11:25:40","slug":"nivel-inicial","status":"publish","type":"page","link":"https:\/\/escuelateodelina.educativa.org\/sitio\/nivel-inicial\/","title":{"rendered":"Nivel Inicial"},"content":{"rendered":"<p><img decoding=\"async\" loading=\"lazy\" class=\"size-full wp-image-848 alignleft\" src=\"https:\/\/escuelateodelina.educativa.org\/sitio\/wp-content\/uploads\/2020\/08\/Logo-Ni.png\" alt=\"\" width=\"205\" height=\"250\" \/><\/p>\n<p>&nbsp;<\/p>\n<p>La Educaci\u00f3n Inicial es un espacio de subjetivaci\u00f3n y de responsabilidad social, es un tiempo y un espacio que recibe y abraza a los ni\u00f1os y ni\u00f1as, como un primer encuentro con la organizaci\u00f3n escolar del Sistema Educativo.<br \/>\nEn la Provincia de Santa Fe, la Educaci\u00f3n Inicial, est\u00e1 organizada en dos ciclos, el primero incluye los tres primeros a\u00f1os y el segundo ciclo est\u00e1 formado por las secciones de cuatro y cinco a\u00f1os, siendo ambas obligatorias.<\/p>\n<p><em>PROYECTO PEDAG\u00d3GICO DE FORMACI\u00d3N INTEGRAL EN CLAVE PASTORAL<\/em><br \/>\nNuestro Proyecto Pedag\u00f3gico de formaci\u00f3n integral en clave pastoral tiene su centralidad en el ni\u00f1o\/a.<br \/>\nEl Nivel Inicial inaugura el ingreso al Sistema Educativo formal de los ni\u00f1os\/as junto a sus familias. La Comunidad Menesiana abre sus puestas para recibirlos y acompa\u00f1arlos durante su Trayectoria Escolar en una MISI\u00d3N compartida que se fundamenta en la educaci\u00f3n cristiana.<br \/>\n\u201cNuestras escuelas han sido fundadas para dar a conocer y amar a Jesucristo\u201d Juan Mar\u00eda de La Mennais.<\/p>\n<p><img decoding=\"async\" loading=\"lazy\" class=\"alignright wp-image-849\" src=\"https:\/\/escuelateodelina.educativa.org\/sitio\/wp-content\/uploads\/2020\/08\/668ed10a-0ab5-4ccd-98cb-34c2409cfe39-1-1000x563.jpg\" alt=\"\" width=\"401\" height=\"226\" srcset=\"https:\/\/escuelateodelina.educativa.org\/sitio\/wp-content\/uploads\/2020\/08\/668ed10a-0ab5-4ccd-98cb-34c2409cfe39-1-1000x563.jpg 1000w, https:\/\/escuelateodelina.educativa.org\/sitio\/wp-content\/uploads\/2020\/08\/668ed10a-0ab5-4ccd-98cb-34c2409cfe39-1-768x432.jpg 768w, https:\/\/escuelateodelina.educativa.org\/sitio\/wp-content\/uploads\/2020\/08\/668ed10a-0ab5-4ccd-98cb-34c2409cfe39-1.jpg 1032w\" sizes=\"(max-width: 401px) 100vw, 401px\" \/><\/p>\n<p>&nbsp;<\/p>\n<p>La Educaci\u00f3n Inicial, constituye el primer ambiente de socializaci\u00f3n con el que se encuentra el ni\u00f1o\/a adem\u00e1s del n\u00facleo familiar. Hacemos referencia a una construcci\u00f3n basada en la interacci\u00f3n con otros, en donde se incluyen a todos los que conforman la Comunidad Educativa, en donde ese \u201cotro\u201d es reconocido como hermano, porque somos hijos de Dios nuestro Padre, poniendo en valor los v\u00ednculos de afecto, respeto y confianza, lazos fraternales que son notas de identidad menesiana.<br \/>\nEs una experiencia irrepetible en la historia personal y decisiva respecto del logro de futuros aprendizajes que presenta clara intencionalidad pedag\u00f3gica, brindando una formaci\u00f3n integral e inclusiva que promueve la formaci\u00f3n, a trav\u00e9s del desarrollo de todos sus lenguajes: expresivos, corporales, comunicativos, simb\u00f3licos, l\u00fadicos, cognitivos, \u00e9ticos, afectivos, metaf\u00f3ricos, l\u00f3gicos, imaginativos, relacionales. Con un gran respeto por la singularidad e irrepetibilidad de quien aprende\u2026<br \/>\n<img decoding=\"async\" loading=\"lazy\" class=\"alignleft wp-image-847\" src=\"https:\/\/escuelateodelina.educativa.org\/sitio\/wp-content\/uploads\/2020\/08\/ddf34d2c-f254-4377-ad94-7af4255e6de0-1000x750.jpg\" alt=\"\" width=\"425\" height=\"319\" srcset=\"https:\/\/escuelateodelina.educativa.org\/sitio\/wp-content\/uploads\/2020\/08\/ddf34d2c-f254-4377-ad94-7af4255e6de0-1000x750.jpg 1000w, https:\/\/escuelateodelina.educativa.org\/sitio\/wp-content\/uploads\/2020\/08\/ddf34d2c-f254-4377-ad94-7af4255e6de0-768x576.jpg 768w, https:\/\/escuelateodelina.educativa.org\/sitio\/wp-content\/uploads\/2020\/08\/ddf34d2c-f254-4377-ad94-7af4255e6de0.jpg 1096w\" sizes=\"(max-width: 425px) 100vw, 425px\" \/><\/p>\n<p>En esta etapa el ni\u00f1o\/a se caracteriza por ser potente, energ\u00e9tico y con capacidades de autoconstrucci\u00f3n mientras transforma el mundo, con la fuerza de quien crece y desea crecer, con la riqueza de la curiosidad, del asombro que lo lleva a preguntarse el por qu\u00e9 de cada cosa, en la plenitud de sus sentidos, original, creativo, con el deseo de aprender y de vivir. Un ni\u00f1o\/a portador de valores, constructor de solidaridad, disponible a lo nuevo y lo distinto. Cobra relevancia el descubrimiento de su propio mundo y el que lo rodea, la maravilla y la capacidad de asombro y su constante b\u00fasqueda de respuestas.<br \/>\n\u201c&#8230;es bueno saber leer, escribir y contar; pero esto no basta, porque si es bueno instruir a los ni\u00f1os, es necesario tambi\u00e9n educarles, y si es bueno desarrollar su esp\u00edritu, es necesario tambi\u00e9n formar su coraz\u00f3n, y si es bueno iniciarles en el mecanismo de la lectura y la escritura y el c\u00e1lculo, es mejor a\u00fan inspirarles el gusto por la virtud y la verdad\u201d. Juan Mar\u00eda de La Mennais.<\/p>\n<p>En la infancia la manera propicia y natural de vincularse, es a trav\u00e9s del juego. Habilitar momentos y espacios que propicien lo l\u00fadico favorece la imaginaci\u00f3n y la creatividad, permiten resolver conflictos productivamente, demostrar sus emociones, ser tolerantes, pacientes, crecer en su dimensi\u00f3n espiritual y trabajar colaborativamente como aspectos fundamentales, es lo que vehiculiza las estrategias para el desarrollo de habilidades, un instrumento b\u00e1sico para desarrollar los procesos de socializaci\u00f3n.<\/p>\n<p>Cada ni\u00f1o\/a es un sujeto de derechos, \u00fanicos, \u00e1vidos de adaptarse activamente a la cultura social y para ello necesitan de la ense\u00f1anza que implica la mediaci\u00f3n de otros (el maestro, el adulto referente, un par) que le \u201clea el alfabeto cultural\u201d, que le da significados culturales a los objetos, que le muestra sus usos, que ense\u00f1a las herramientas de la cultura, que lo adentra en el legado social. Es importante destacar que no hay un YO sin v\u00ednculo, , no hay salud sin v\u00ednculo, no hay aprendizaje sin v\u00ednculo.<\/p>\n<p>\u201c\u2026Transformar la diversidad en una ventaja pedag\u00f3gica\u201d, como propone Emilia Ferreiro, para permitir que las voces que resuenen en la escuela y en los textos curriculares resulten de una mirada que integre valorativamente los aportes comunitarios y se entrecrucen en una \u201cmelod\u00eda polif\u00f3nica\u201d.<\/p>\n<p><img decoding=\"async\" loading=\"lazy\" class=\"alignleft wp-image-850 \" src=\"https:\/\/escuelateodelina.educativa.org\/sitio\/wp-content\/uploads\/2020\/08\/b508f558-2388-4446-8eea-5fe461ad9c80-1000x652.jpg\" alt=\"\" width=\"422\" height=\"275\" srcset=\"https:\/\/escuelateodelina.educativa.org\/sitio\/wp-content\/uploads\/2020\/08\/b508f558-2388-4446-8eea-5fe461ad9c80-1000x652.jpg 1000w, https:\/\/escuelateodelina.educativa.org\/sitio\/wp-content\/uploads\/2020\/08\/b508f558-2388-4446-8eea-5fe461ad9c80-768x500.jpg 768w, https:\/\/escuelateodelina.educativa.org\/sitio\/wp-content\/uploads\/2020\/08\/b508f558-2388-4446-8eea-5fe461ad9c80.jpg 1280w\" sizes=\"(max-width: 422px) 100vw, 422px\" \/><\/p>\n<p>El respeto por las capacidades individuales contempla el desarrollo integral, el incentivo y valoraci\u00f3n de las m\u00faltiples formas de inteligencia.<br \/>\nPara potenciar estas capacidades y descubrir en ese proceso la dimensi\u00f3n trascendente, generamos un ambiente evangelizador siendo Jes\u00fas gu\u00eda y modelo, en todas las dimensiones del saber.<br \/>\nEsto se realiza a trav\u00e9s de una propuesta pedag\u00f3gica que incluye: Lenguajes y expresi\u00f3n. Matem\u00e1tica, Autonom\u00eda y cuidados. Exploraci\u00f3n del ambiente natural, social y tecnol\u00f3gico. Juego y movimiento. Educaci\u00f3n F\u00edsica. Educaci\u00f3n art\u00edstica: M\u00fasica, Ingl\u00e9s. Inform\u00e1tica, Catequesis.<br \/>\nNuestra propuesta cuenta con el soporte de una estructura edilicia funcional, confortable y est\u00e9tica acorde a las necesidades de las nuevas infancias del siglo XXI.<\/p>\n<p>\u00ab\u00bfQu\u00e9 es, en efecto , el ni\u00f1o? Una Tierra virgen, pero que espera el cultivo y donde no recoger\u00e9is m\u00e1s que lo que hay\u00e1is sembrado\u00bb Juan Mar\u00eda de La Mennais.<\/p>\n","protected":false},"excerpt":{"rendered":"<p>&nbsp; La Educaci\u00f3n Inicial es un espacio de subjetivaci\u00f3n y de responsabilidad social, es un tiempo y un espacio que recibe y abraza a los ni\u00f1os y ni\u00f1as, como un primer encuentro con la organizaci\u00f3n escolar del Sistema Educativo. En la Provincia de Santa Fe, la Educaci\u00f3n Inicial, est\u00e1 organizada en dos ciclos, el primero &#8230; <a title=\"Nivel Inicial\" class=\"read-more\" href=\"https:\/\/escuelateodelina.educativa.org\/sitio\/nivel-inicial\/\" aria-label=\"More on Nivel Inicial\">[+]<\/a><\/p>\n","protected":false},"author":45,"featured_media":0,"parent":0,"menu_order":0,"comment_status":"closed","ping_status":"closed","template":"","meta":[],"acf":[],"_links":{"self":[{"href":"https:\/\/escuelateodelina.educativa.org\/sitio\/wp-json\/wp\/v2\/pages\/702"}],"collection":[{"href":"https:\/\/escuelateodelina.educativa.org\/sitio\/wp-json\/wp\/v2\/pages"}],"about":[{"href":"https:\/\/escuelateodelina.educativa.org\/sitio\/wp-json\/wp\/v2\/types\/page"}],"author":[{"embeddable":true,"href":"https:\/\/escuelateodelina.educativa.org\/sitio\/wp-json\/wp\/v2\/users\/45"}],"replies":[{"embeddable":true,"href":"https:\/\/escuelateodelina.educativa.org\/sitio\/wp-json\/wp\/v2\/comments?post=702"}],"version-history":[{"count":8,"href":"https:\/\/escuelateodelina.educativa.org\/sitio\/wp-json\/wp\/v2\/pages\/702\/revisions"}],"predecessor-version":[{"id":988,"href":"https:\/\/escuelateodelina.educativa.org\/sitio\/wp-json\/wp\/v2\/pages\/702\/revisions\/988"}],"wp:attachment":[{"href":"https:\/\/escuelateodelina.educativa.org\/sitio\/wp-json\/wp\/v2\/media?parent=702"}],"curies":[{"name":"wp","href":"https:\/\/api.w.org\/{rel}","templated":true}]}}