{"id":286,"date":"2016-10-31T13:17:59","date_gmt":"2016-10-31T16:17:59","guid":{"rendered":"https:\/\/escuelateodelina.educativa.org\/sitio\/?page_id=286"},"modified":"2025-05-25T22:17:15","modified_gmt":"2025-05-26T01:17:15","slug":"inicio","status":"publish","type":"page","link":"https:\/\/escuelateodelina.educativa.org\/sitio\/","title":{"rendered":"Inicio"},"content":{"rendered":"<h1><span style=\"color: #ff00ff;\">Preparaci\u00f3n al Sacramento de la Confirmaci\u00f3n<\/span><\/h1>\n<h2><img decoding=\"async\" loading=\"lazy\" class=\"alignnone size-medium wp-image-2767\" src=\"https:\/\/escuelateodelina.educativa.org\/sitio\/wp-content\/uploads\/2025\/05\/b6ee4ac2-d782-47a5-bb5c-17a18788a6a9-968x1000.jpg\" alt=\"\" width=\"968\" height=\"1000\" srcset=\"https:\/\/escuelateodelina.educativa.org\/sitio\/wp-content\/uploads\/2025\/05\/b6ee4ac2-d782-47a5-bb5c-17a18788a6a9-968x1000.jpg 968w, https:\/\/escuelateodelina.educativa.org\/sitio\/wp-content\/uploads\/2025\/05\/b6ee4ac2-d782-47a5-bb5c-17a18788a6a9-1840x1900.jpg 1840w, https:\/\/escuelateodelina.educativa.org\/sitio\/wp-content\/uploads\/2025\/05\/b6ee4ac2-d782-47a5-bb5c-17a18788a6a9-768x793.jpg 768w, https:\/\/escuelateodelina.educativa.org\/sitio\/wp-content\/uploads\/2025\/05\/b6ee4ac2-d782-47a5-bb5c-17a18788a6a9-1487x1536.jpg 1487w, https:\/\/escuelateodelina.educativa.org\/sitio\/wp-content\/uploads\/2025\/05\/b6ee4ac2-d782-47a5-bb5c-17a18788a6a9-1983x2048.jpg 1983w\" sizes=\"(max-width: 968px) 100vw, 968px\" \/><span style=\"color: #ff00ff;\">Todos los mi\u00e9rcoles de 13:30 hs. a 15.00 hs. tienen lugar los encuentros del proceso de preparaci\u00f3n para recibir el sacramento de la Confirmaci\u00f3n.<\/span><\/h2>\n<h2><span style=\"color: #ff00ff;\">El colegio propone este espacio destinado a los alumnos de 3\u00b0, 4\u00ba y 5\u00ba A\u00f1o del nivel secundario, para compartir esta formaci\u00f3n de crecimiento en la Fe. Este proceso se extender\u00e1 a lo largo del a\u00f1o, donde se desarrollar\u00e1n encuentros y jornadas de servicio\/misi\u00f3n para preparar su coraz\u00f3n para recibir el Esp\u00edritu de Dios.<\/span><\/h2>\n<h1><span style=\"color: #ff00ff;\">Misa de 1eros grados.<\/span><\/h1>\n<p><img decoding=\"async\" loading=\"lazy\" class=\"alignnone size-medium wp-image-2765\" src=\"https:\/\/escuelateodelina.educativa.org\/sitio\/wp-content\/uploads\/2025\/05\/misa-1eros-grados-1000x563.png\" alt=\"\" width=\"1000\" height=\"563\" srcset=\"https:\/\/escuelateodelina.educativa.org\/sitio\/wp-content\/uploads\/2025\/05\/misa-1eros-grados-1000x563.png 1000w, https:\/\/escuelateodelina.educativa.org\/sitio\/wp-content\/uploads\/2025\/05\/misa-1eros-grados-768x432.png 768w, https:\/\/escuelateodelina.educativa.org\/sitio\/wp-content\/uploads\/2025\/05\/misa-1eros-grados.png 1280w\" sizes=\"(max-width: 1000px) 100vw, 1000px\" \/><\/p>\n<h2><span style=\"color: #ff00ff;\">La Eucarist\u00eda es una Fiesta. Es la celebraci\u00f3n de la fe, de la alegr\u00eda y del gozo de la Resurrecci\u00f3n. Es la gran fiesta que nos une como comunidad.<\/span><\/h2>\n<h1><img decoding=\"async\" loading=\"lazy\" class=\"alignnone  wp-image-2761\" src=\"https:\/\/escuelateodelina.educativa.org\/sitio\/wp-content\/uploads\/2025\/05\/oracion-papa-1.jpg\" alt=\"\" width=\"606\" height=\"1063\" \/><img decoding=\"async\" loading=\"lazy\" class=\"alignnone  wp-image-2762\" src=\"https:\/\/escuelateodelina.educativa.org\/sitio\/wp-content\/uploads\/2025\/05\/images-Papa-Leon.png\" alt=\"\" width=\"607\" height=\"722\" \/><\/h1>\n<h1><span style=\"color: #ff00ff;\">Querida Familia Menesiana rezamos unidos por el eterno descanso de nuestro Papa Francisco. Que el legado de su pontificado nos anime a seguir anunciando con sencillez y humildad a Jes\u00fas.<\/span><\/h1>\n<p><a href=\"https:\/\/escuelateodelina.educativa.org\/sitio\/wp-content\/uploads\/2025\/03\/74236a25-b534-4405-ad2a-83a742cfdfbe.tif\"><img decoding=\"async\" loading=\"lazy\" class=\"alignnone size-medium wp-image-2741\" src=\"https:\/\/escuelateodelina.educativa.org\/sitio\/wp-content\/uploads\/2025\/04\/WhatsApp-Image-2025-04-21-at-21.26.35-1-1000x563.jpeg\" alt=\"\" width=\"1000\" height=\"563\" srcset=\"https:\/\/escuelateodelina.educativa.org\/sitio\/wp-content\/uploads\/2025\/04\/WhatsApp-Image-2025-04-21-at-21.26.35-1-1000x563.jpeg 1000w, https:\/\/escuelateodelina.educativa.org\/sitio\/wp-content\/uploads\/2025\/04\/WhatsApp-Image-2025-04-21-at-21.26.35-1-768x432.jpeg 768w, https:\/\/escuelateodelina.educativa.org\/sitio\/wp-content\/uploads\/2025\/04\/WhatsApp-Image-2025-04-21-at-21.26.35-1.jpeg 1280w\" sizes=\"(max-width: 1000px) 100vw, 1000px\" \/><img decoding=\"async\" loading=\"lazy\" class=\"alignnone size-medium wp-image-2742\" src=\"https:\/\/escuelateodelina.educativa.org\/sitio\/wp-content\/uploads\/2025\/04\/WhatsApp-Image-2025-04-21-at-21.26.35-1000x563.jpeg\" alt=\"\" width=\"1000\" height=\"563\" srcset=\"https:\/\/escuelateodelina.educativa.org\/sitio\/wp-content\/uploads\/2025\/04\/WhatsApp-Image-2025-04-21-at-21.26.35-1000x563.jpeg 1000w, https:\/\/escuelateodelina.educativa.org\/sitio\/wp-content\/uploads\/2025\/04\/WhatsApp-Image-2025-04-21-at-21.26.35-768x432.jpeg 768w, https:\/\/escuelateodelina.educativa.org\/sitio\/wp-content\/uploads\/2025\/04\/WhatsApp-Image-2025-04-21-at-21.26.35.jpeg 1280w\" sizes=\"(max-width: 1000px) 100vw, 1000px\" \/><\/a><\/p>\n<h1><span style=\"color: #ff00ff;\">\u00a1Semana Santa. Semana del Amor!<\/span><\/h1>\n<p><img decoding=\"async\" loading=\"lazy\" class=\"alignnone size-medium wp-image-2743\" src=\"https:\/\/escuelateodelina.educativa.org\/sitio\/wp-content\/uploads\/2025\/04\/WhatsApp-Image-2025-04-21-at-21.26.38-1000x749.jpeg\" alt=\"\" width=\"1000\" height=\"749\" srcset=\"https:\/\/escuelateodelina.educativa.org\/sitio\/wp-content\/uploads\/2025\/04\/WhatsApp-Image-2025-04-21-at-21.26.38-1000x749.jpeg 1000w, https:\/\/escuelateodelina.educativa.org\/sitio\/wp-content\/uploads\/2025\/04\/WhatsApp-Image-2025-04-21-at-21.26.38-768x575.jpeg 768w, https:\/\/escuelateodelina.educativa.org\/sitio\/wp-content\/uploads\/2025\/04\/WhatsApp-Image-2025-04-21-at-21.26.38.jpeg 1440w\" sizes=\"(max-width: 1000px) 100vw, 1000px\" \/><\/p>\n<p><img decoding=\"async\" loading=\"lazy\" class=\"alignnone size-medium wp-image-2744\" src=\"https:\/\/escuelateodelina.educativa.org\/sitio\/wp-content\/uploads\/2025\/04\/WhatsApp-Image-2025-04-21-at-21.26.37-749x1000.jpeg\" alt=\"\" width=\"749\" height=\"1000\" srcset=\"https:\/\/escuelateodelina.educativa.org\/sitio\/wp-content\/uploads\/2025\/04\/WhatsApp-Image-2025-04-21-at-21.26.37-749x1000.jpeg 749w, https:\/\/escuelateodelina.educativa.org\/sitio\/wp-content\/uploads\/2025\/04\/WhatsApp-Image-2025-04-21-at-21.26.37-768x1026.jpeg 768w, https:\/\/escuelateodelina.educativa.org\/sitio\/wp-content\/uploads\/2025\/04\/WhatsApp-Image-2025-04-21-at-21.26.37.jpeg 1078w\" sizes=\"(max-width: 749px) 100vw, 749px\" \/><\/p>\n<p><img decoding=\"async\" loading=\"lazy\" class=\"alignnone size-medium wp-image-2745\" src=\"https:\/\/escuelateodelina.educativa.org\/sitio\/wp-content\/uploads\/2025\/04\/WhatsApp-Image-2025-04-21-at-21.26.39-1-1000x563.jpeg\" alt=\"\" width=\"1000\" height=\"563\" srcset=\"https:\/\/escuelateodelina.educativa.org\/sitio\/wp-content\/uploads\/2025\/04\/WhatsApp-Image-2025-04-21-at-21.26.39-1-1000x563.jpeg 1000w, https:\/\/escuelateodelina.educativa.org\/sitio\/wp-content\/uploads\/2025\/04\/WhatsApp-Image-2025-04-21-at-21.26.39-1-768x432.jpeg 768w, https:\/\/escuelateodelina.educativa.org\/sitio\/wp-content\/uploads\/2025\/04\/WhatsApp-Image-2025-04-21-at-21.26.39-1-1536x864.jpeg 1536w, https:\/\/escuelateodelina.educativa.org\/sitio\/wp-content\/uploads\/2025\/04\/WhatsApp-Image-2025-04-21-at-21.26.39-1.jpeg 1600w\" sizes=\"(max-width: 1000px) 100vw, 1000px\" \/><img decoding=\"async\" loading=\"lazy\" class=\"alignnone size-medium wp-image-2746\" src=\"https:\/\/escuelateodelina.educativa.org\/sitio\/wp-content\/uploads\/2025\/04\/WhatsApp-Image-2025-04-21-at-21.26.40-1-563x1000.jpeg\" alt=\"\" width=\"563\" height=\"1000\" srcset=\"https:\/\/escuelateodelina.educativa.org\/sitio\/wp-content\/uploads\/2025\/04\/WhatsApp-Image-2025-04-21-at-21.26.40-1-563x1000.jpeg 563w, https:\/\/escuelateodelina.educativa.org\/sitio\/wp-content\/uploads\/2025\/04\/WhatsApp-Image-2025-04-21-at-21.26.40-1-768x1365.jpeg 768w, https:\/\/escuelateodelina.educativa.org\/sitio\/wp-content\/uploads\/2025\/04\/WhatsApp-Image-2025-04-21-at-21.26.40-1-864x1536.jpeg 864w, https:\/\/escuelateodelina.educativa.org\/sitio\/wp-content\/uploads\/2025\/04\/WhatsApp-Image-2025-04-21-at-21.26.40-1.jpeg 900w\" sizes=\"(max-width: 563px) 100vw, 563px\" \/><\/p>\n<p><img decoding=\"async\" loading=\"lazy\" class=\"alignnone size-medium wp-image-2747\" src=\"https:\/\/escuelateodelina.educativa.org\/sitio\/wp-content\/uploads\/2025\/04\/WhatsApp-Image-2025-04-21-at-21.34.24-1000x563.jpeg\" alt=\"\" width=\"1000\" height=\"563\" srcset=\"https:\/\/escuelateodelina.educativa.org\/sitio\/wp-content\/uploads\/2025\/04\/WhatsApp-Image-2025-04-21-at-21.34.24-1000x563.jpeg 1000w, https:\/\/escuelateodelina.educativa.org\/sitio\/wp-content\/uploads\/2025\/04\/WhatsApp-Image-2025-04-21-at-21.34.24-768x432.jpeg 768w, https:\/\/escuelateodelina.educativa.org\/sitio\/wp-content\/uploads\/2025\/04\/WhatsApp-Image-2025-04-21-at-21.34.24-1536x864.jpeg 1536w, https:\/\/escuelateodelina.educativa.org\/sitio\/wp-content\/uploads\/2025\/04\/WhatsApp-Image-2025-04-21-at-21.34.24.jpeg 1600w\" sizes=\"(max-width: 1000px) 100vw, 1000px\" \/> <img decoding=\"async\" loading=\"lazy\" class=\"alignnone size-medium wp-image-2748\" src=\"https:\/\/escuelateodelina.educativa.org\/sitio\/wp-content\/uploads\/2025\/04\/WhatsApp-Image-2025-04-21-at-21.34.25-1-1000x563.jpeg\" alt=\"\" width=\"1000\" height=\"563\" srcset=\"https:\/\/escuelateodelina.educativa.org\/sitio\/wp-content\/uploads\/2025\/04\/WhatsApp-Image-2025-04-21-at-21.34.25-1-1000x563.jpeg 1000w, https:\/\/escuelateodelina.educativa.org\/sitio\/wp-content\/uploads\/2025\/04\/WhatsApp-Image-2025-04-21-at-21.34.25-1-768x432.jpeg 768w, https:\/\/escuelateodelina.educativa.org\/sitio\/wp-content\/uploads\/2025\/04\/WhatsApp-Image-2025-04-21-at-21.34.25-1-1536x864.jpeg 1536w, https:\/\/escuelateodelina.educativa.org\/sitio\/wp-content\/uploads\/2025\/04\/WhatsApp-Image-2025-04-21-at-21.34.25-1.jpeg 1600w\" sizes=\"(max-width: 1000px) 100vw, 1000px\" \/><\/p>\n<p><a href=\"https:\/\/escuelateodelina.educativa.org\/sitio\/wp-content\/uploads\/2025\/03\/74236a25-b534-4405-ad2a-83a742cfdfbe.tif\"><img decoding=\"async\" loading=\"lazy\" class=\"alignnone size-medium wp-image-2716\" src=\"https:\/\/escuelateodelina.educativa.org\/sitio\/wp-content\/uploads\/2025\/03\/74236a25-b534-4405-ad2a-83a742cfdfbe-562x1000.png\" alt=\"\" width=\"562\" height=\"1000\" srcset=\"https:\/\/escuelateodelina.educativa.org\/sitio\/wp-content\/uploads\/2025\/03\/74236a25-b534-4405-ad2a-83a742cfdfbe-562x1000.png 562w, https:\/\/escuelateodelina.educativa.org\/sitio\/wp-content\/uploads\/2025\/03\/74236a25-b534-4405-ad2a-83a742cfdfbe-768x1366.png 768w, https:\/\/escuelateodelina.educativa.org\/sitio\/wp-content\/uploads\/2025\/03\/74236a25-b534-4405-ad2a-83a742cfdfbe-864x1536.png 864w, https:\/\/escuelateodelina.educativa.org\/sitio\/wp-content\/uploads\/2025\/03\/74236a25-b534-4405-ad2a-83a742cfdfbe.png 899w\" sizes=\"(max-width: 562px) 100vw, 562px\" \/><img decoding=\"async\" class=\"alignnone size-full wp-image-2713\" src=\"https:\/\/escuelateodelina.educativa.org\/sitio\/wp-content\/uploads\/2025\/03\/74236a25-b534-4405-ad2a-83a742cfdfbe.tif\" alt=\"\" \/><\/a><img decoding=\"async\" loading=\"lazy\" class=\"alignnone  wp-image-2704\" src=\"https:\/\/escuelateodelina.educativa.org\/sitio\/wp-content\/uploads\/2025\/03\/IMG-20241120-WA0007-e1741698651494-981x1000.jpg\" alt=\"\" width=\"756\" height=\"771\" srcset=\"https:\/\/escuelateodelina.educativa.org\/sitio\/wp-content\/uploads\/2025\/03\/IMG-20241120-WA0007-e1741698651494-981x1000.jpg 981w, https:\/\/escuelateodelina.educativa.org\/sitio\/wp-content\/uploads\/2025\/03\/IMG-20241120-WA0007-e1741698651494-768x783.jpg 768w, https:\/\/escuelateodelina.educativa.org\/sitio\/wp-content\/uploads\/2025\/03\/IMG-20241120-WA0007-e1741698651494.jpg 1187w\" sizes=\"(max-width: 756px) 100vw, 756px\" \/><\/p>\n","protected":false},"excerpt":{"rendered":"<p>Preparaci\u00f3n al Sacramento de la Confirmaci\u00f3n Todos los mi\u00e9rcoles de 13:30 hs. a 15.00 hs. tienen lugar los encuentros del proceso de preparaci\u00f3n para recibir el sacramento de la Confirmaci\u00f3n. El colegio propone este espacio destinado a los alumnos de 3\u00b0, 4\u00ba y 5\u00ba A\u00f1o del nivel secundario, para compartir esta formaci\u00f3n de crecimiento en &#8230; <a title=\"Inicio\" class=\"read-more\" href=\"https:\/\/escuelateodelina.educativa.org\/sitio\/\" aria-label=\"More on Inicio\">[+]<\/a><\/p>\n","protected":false},"author":1,"featured_media":0,"parent":0,"menu_order":0,"comment_status":"closed","ping_status":"closed","template":"","meta":[],"acf":[],"_links":{"self":[{"href":"https:\/\/escuelateodelina.educativa.org\/sitio\/wp-json\/wp\/v2\/pages\/286"}],"collection":[{"href":"https:\/\/escuelateodelina.educativa.org\/sitio\/wp-json\/wp\/v2\/pages"}],"about":[{"href":"https:\/\/escuelateodelina.educativa.org\/sitio\/wp-json\/wp\/v2\/types\/page"}],"author":[{"embeddable":true,"href":"https:\/\/escuelateodelina.educativa.org\/sitio\/wp-json\/wp\/v2\/users\/1"}],"replies":[{"embeddable":true,"href":"https:\/\/escuelateodelina.educativa.org\/sitio\/wp-json\/wp\/v2\/comments?post=286"}],"version-history":[{"count":569,"href":"https:\/\/escuelateodelina.educativa.org\/sitio\/wp-json\/wp\/v2\/pages\/286\/revisions"}],"predecessor-version":[{"id":2771,"href":"https:\/\/escuelateodelina.educativa.org\/sitio\/wp-json\/wp\/v2\/pages\/286\/revisions\/2771"}],"wp:attachment":[{"href":"https:\/\/escuelateodelina.educativa.org\/sitio\/wp-json\/wp\/v2\/media?parent=286"}],"curies":[{"name":"wp","href":"https:\/\/api.w.org\/{rel}","templated":true}]}}