{"id":1029,"date":"2020-09-23T09:58:16","date_gmt":"2020-09-23T12:58:16","guid":{"rendered":"https:\/\/escuelateodelina.educativa.org\/sitio\/?page_id=1029"},"modified":"2020-09-26T16:40:51","modified_gmt":"2020-09-26T19:40:51","slug":"confirmacion","status":"publish","type":"page","link":"https:\/\/escuelateodelina.educativa.org\/sitio\/confirmacion\/","title":{"rendered":"Confirmaci\u00f3n"},"content":{"rendered":"<p>El Colegio propone la preparaci\u00f3n de este Sacramento, destinada a los alumnos de 3\u00ba a\u00f1o del Nivel Secundario, que tomen esta opci\u00f3n de crecimiento en la fe.<\/p>\n<p>Esta preparaci\u00f3n se lleva a cabo una vez en la semana, en tiempos de presencialidad, los d\u00edas mi\u00e9rcoles, en los horarios de 13: 30 hs y 15:00 hs. Actualmente se re\u00fanen por plataforma virtual y realizan, en sus hogares, las propuestas enviadas por\u00a0sus catequistas.<\/p>\n<p>Este proceso se extiende por un a\u00f1o, culminando con la celebraci\u00f3n del Sacramento. Meses antes de recibir la Confirmaci\u00f3n, los j\u00f3venes realizan un retiro espiritual preparando su coraz\u00f3n para recibir el Esp\u00edritu de Dios.<\/p>\n<p>Tambi\u00e9n, realizan actividades solidaria y de voluntariado en el Centro Educativo San Dami\u00e1n.<img decoding=\"async\" loading=\"lazy\" class=\"alignnone wp-image-1144\" src=\"https:\/\/escuelateodelina.educativa.org\/sitio\/wp-content\/uploads\/2020\/09\/WhatsApp-Image-2020-09-26-at-16.30.37.jpeg\" alt=\"\" width=\"527\" height=\"395\" \/><\/p>\n<p><img decoding=\"async\" loading=\"lazy\" class=\"alignnone wp-image-1145\" src=\"https:\/\/escuelateodelina.educativa.org\/sitio\/wp-content\/uploads\/2020\/09\/WhatsApp-Image-2020-09-26-at-16.37.27.jpeg\" alt=\"\" width=\"527\" height=\"297\" \/><\/p>\n<p><img decoding=\"async\" loading=\"lazy\" class=\"alignnone wp-image-1146\" src=\"https:\/\/escuelateodelina.educativa.org\/sitio\/wp-content\/uploads\/2020\/09\/WhatsApp-Image-2020-09-26-at-16.38.05.jpeg\" alt=\"\" width=\"525\" height=\"700\" \/><\/p>\n","protected":false},"excerpt":{"rendered":"<p>El Colegio propone la preparaci\u00f3n de este Sacramento, destinada a los alumnos de 3\u00ba a\u00f1o del Nivel Secundario, que tomen esta opci\u00f3n de crecimiento en la fe. Esta preparaci\u00f3n se lleva a cabo una vez en la semana, en tiempos de presencialidad, los d\u00edas mi\u00e9rcoles, en los horarios de 13: 30 hs y 15:00 hs. &#8230; <a title=\"Confirmaci\u00f3n\" class=\"read-more\" href=\"https:\/\/escuelateodelina.educativa.org\/sitio\/confirmacion\/\" aria-label=\"More on Confirmaci\u00f3n\">[+]<\/a><\/p>\n","protected":false},"author":45,"featured_media":0,"parent":0,"menu_order":0,"comment_status":"closed","ping_status":"closed","template":"","meta":[],"acf":[],"_links":{"self":[{"href":"https:\/\/escuelateodelina.educativa.org\/sitio\/wp-json\/wp\/v2\/pages\/1029"}],"collection":[{"href":"https:\/\/escuelateodelina.educativa.org\/sitio\/wp-json\/wp\/v2\/pages"}],"about":[{"href":"https:\/\/escuelateodelina.educativa.org\/sitio\/wp-json\/wp\/v2\/types\/page"}],"author":[{"embeddable":true,"href":"https:\/\/escuelateodelina.educativa.org\/sitio\/wp-json\/wp\/v2\/users\/45"}],"replies":[{"embeddable":true,"href":"https:\/\/escuelateodelina.educativa.org\/sitio\/wp-json\/wp\/v2\/comments?post=1029"}],"version-history":[{"count":3,"href":"https:\/\/escuelateodelina.educativa.org\/sitio\/wp-json\/wp\/v2\/pages\/1029\/revisions"}],"predecessor-version":[{"id":1147,"href":"https:\/\/escuelateodelina.educativa.org\/sitio\/wp-json\/wp\/v2\/pages\/1029\/revisions\/1147"}],"wp:attachment":[{"href":"https:\/\/escuelateodelina.educativa.org\/sitio\/wp-json\/wp\/v2\/media?parent=1029"}],"curies":[{"name":"wp","href":"https:\/\/api.w.org\/{rel}","templated":true}]}}