{"id":1025,"date":"2020-09-23T09:58:00","date_gmt":"2020-09-23T12:58:00","guid":{"rendered":"https:\/\/escuelateodelina.educativa.org\/sitio\/?page_id=1025"},"modified":"2020-09-26T16:25:04","modified_gmt":"2020-09-26T19:25:04","slug":"jovenes-misioneros-menesianos","status":"publish","type":"page","link":"https:\/\/escuelateodelina.educativa.org\/sitio\/jovenes-misioneros-menesianos\/","title":{"rendered":"J\u00f3venes Misioneros Menesianos"},"content":{"rendered":"<p>Lo conforman alumnos del Nivel Secundario, exalumnos y j\u00f3venes del Centro Educativo San Dami\u00e1n. Los mismos deciden comprometerse en la vida de fe, vivir, celebrar y anunciar a Jes\u00fas al estilo Menesiano.<\/p>\n<p>Actualmente se re\u00fanen por plataforma virtual, una vez a la semana. Y a pesar de esta situaci\u00f3n de aislamiento, expresan su misi\u00f3n en campa\u00f1as solidarias y contin\u00faan estrechando lazos compartiendo vida, formaci\u00f3n y oraci\u00f3n.<\/p>\n<p>Hasta el a\u00f1o pasado se realizaron dos misiones anuales:<\/p>\n<ul>\n<li>Misi\u00f3n Maldonado Uruguay: Centro Menesiano Dionisio D\u00edaz, en el receso invernal de julio.<\/li>\n<li>Misi\u00f3n en \u00c1lvarez (Santa Fe): en el mes de noviembre. Esta fue realizada por tres a\u00f1os consecutivos, con visitas durante el a\u00f1o y contacto permanente con sus referentes pastorales.<\/li>\n<\/ul>\n<p>Adem\u00e1s, durante todo el a\u00f1o, se acompa\u00f1a el proyecto del Centro Educativo San Dami\u00e1n, y otras actividades solidarias como: visita a hogar de ancianos, festejo D\u00eda del ni\u00f1o, arroz solidario, cine solidario, representaci\u00f3n del pesebre, etc.<\/p>\n<p><img decoding=\"async\" loading=\"lazy\" class=\"alignnone wp-image-1137\" src=\"https:\/\/escuelateodelina.educativa.org\/sitio\/wp-content\/uploads\/2020\/09\/WhatsApp-Image-2020-09-26-at-16.10.50.jpeg\" alt=\"\" width=\"543\" height=\"408\" \/><\/p>\n<p><img decoding=\"async\" loading=\"lazy\" class=\"alignnone wp-image-1138\" src=\"https:\/\/escuelateodelina.educativa.org\/sitio\/wp-content\/uploads\/2020\/09\/WhatsApp-Image-2020-09-26-at-16.10.50-1.jpeg\" alt=\"\" width=\"543\" height=\"412\" \/><\/p>\n<p><img decoding=\"async\" loading=\"lazy\" class=\"alignnone wp-image-1139\" src=\"https:\/\/escuelateodelina.educativa.org\/sitio\/wp-content\/uploads\/2020\/09\/WhatsApp-Image-2020-09-26-at-16.10.50-2.jpeg\" alt=\"\" width=\"542\" height=\"425\" \/><\/p>\n","protected":false},"excerpt":{"rendered":"<p>Lo conforman alumnos del Nivel Secundario, exalumnos y j\u00f3venes del Centro Educativo San Dami\u00e1n. Los mismos deciden comprometerse en la vida de fe, vivir, celebrar y anunciar a Jes\u00fas al estilo Menesiano. Actualmente se re\u00fanen por plataforma virtual, una vez a la semana. Y a pesar de esta situaci\u00f3n de aislamiento, expresan su misi\u00f3n en &#8230; <a title=\"J\u00f3venes Misioneros Menesianos\" class=\"read-more\" href=\"https:\/\/escuelateodelina.educativa.org\/sitio\/jovenes-misioneros-menesianos\/\" aria-label=\"More on J\u00f3venes Misioneros Menesianos\">[+]<\/a><\/p>\n","protected":false},"author":45,"featured_media":0,"parent":0,"menu_order":0,"comment_status":"closed","ping_status":"closed","template":"","meta":[],"acf":[],"_links":{"self":[{"href":"https:\/\/escuelateodelina.educativa.org\/sitio\/wp-json\/wp\/v2\/pages\/1025"}],"collection":[{"href":"https:\/\/escuelateodelina.educativa.org\/sitio\/wp-json\/wp\/v2\/pages"}],"about":[{"href":"https:\/\/escuelateodelina.educativa.org\/sitio\/wp-json\/wp\/v2\/types\/page"}],"author":[{"embeddable":true,"href":"https:\/\/escuelateodelina.educativa.org\/sitio\/wp-json\/wp\/v2\/users\/45"}],"replies":[{"embeddable":true,"href":"https:\/\/escuelateodelina.educativa.org\/sitio\/wp-json\/wp\/v2\/comments?post=1025"}],"version-history":[{"count":5,"href":"https:\/\/escuelateodelina.educativa.org\/sitio\/wp-json\/wp\/v2\/pages\/1025\/revisions"}],"predecessor-version":[{"id":1142,"href":"https:\/\/escuelateodelina.educativa.org\/sitio\/wp-json\/wp\/v2\/pages\/1025\/revisions\/1142"}],"wp:attachment":[{"href":"https:\/\/escuelateodelina.educativa.org\/sitio\/wp-json\/wp\/v2\/media?parent=1025"}],"curies":[{"name":"wp","href":"https:\/\/api.w.org\/{rel}","templated":true}]}}