{"id":1021,"date":"2020-09-23T09:57:14","date_gmt":"2020-09-23T12:57:14","guid":{"rendered":"https:\/\/escuelateodelina.educativa.org\/sitio\/?page_id=1021"},"modified":"2020-09-26T15:40:00","modified_gmt":"2020-09-26T18:40:00","slug":"movimiento-amen","status":"publish","type":"page","link":"https:\/\/escuelateodelina.educativa.org\/sitio\/movimiento-amen\/","title":{"rendered":"Movimiento AMEN"},"content":{"rendered":"<p style=\"text-align: center;\"><strong><img decoding=\"async\" loading=\"lazy\" class=\"wp-image-1048 alignright\" src=\"https:\/\/escuelateodelina.educativa.org\/sitio\/wp-content\/uploads\/2020\/09\/Insignia-Movimiento-Am\u00e9n.jpg\" alt=\"\" width=\"219\" height=\"146\" \/>\u00bfQu\u00e9 es el Movimiento Am\u00e9n?<\/strong><\/p>\n<p>\u00a0\u00a0\u00a0\u00a0\u00a0\u00a0\u00a0\u00a0 El Movimiento Am\u00e9n es un <strong>Movimiento A<\/strong>post\u00f3lico <strong>Men<\/strong>esiano que busca transmitir la espiritualidad que nos dejaron nuestros Fundadores, Juan Mar\u00eda de la Mennais y Gabriel Deshayes: \u201cDar a conocer a Jesucristo y su Evangelio\u201d.<\/p>\n<p>Es un espacio formativo para todos aquellos alumnos de 5to a 7mo grado del Nivel Primario, que quieran crecer: en el encuentro comunitario, donde estrechen lazos de amistad y compa\u00f1erismo; en los valores humanos; en la profundizaci\u00f3n del Carisma Menesiano; en reflexiones de temas que despiertan inter\u00e9s, seg\u00fan la edad que transitan; en acciones solidarias; en el seguimiento de la propuesta de Jes\u00fas; en la recreaci\u00f3n (sana y creativa) y en la celebraci\u00f3n de la fe.<\/p>\n<p>Los encuentros est\u00e1n planificados y animados por alumnos y exalumnos del Colegio, que aportan al espacio su alegr\u00eda y cercan\u00eda, acompa\u00f1ados por el equipo de Pastoral y Hermanos de la comunidad.<\/p>\n<p>Dichos encuentros tendr\u00e1n lugar, todos los s\u00e1bados, a las 17:00 hs, a partir del 26 de septiembre, por la plataforma Meet (la misma que utilizan en el espacio escolar). El enlace para ingresar ser\u00e1 siempre el mismo: <a href=\"https:\/\/meet.google.com\/ksn-trvz-mck\">https:\/\/meet.google.com\/ksn-trvz-mck<\/a> Para acceder el s\u00e1bado 26 de septiembre, podr\u00e1n hacer clic en\u00a0este link o en la tarjeta enviada.<\/p>\n<p>Para consultas o m\u00e1s informaci\u00f3n<\/p>\n<p style=\"text-align: center;\">\u00a0 \u00a0 \u00a0 \u00a0 \u00a0 \u00a0 \u00a0 \u00a0 \u00a0 \u00a0 \u00a0 \u00a0 \u00a0 \u00a0 \u00a0 \u00a0 \u00a0 \u00a0 \u00a0 \u00a0 \u00a0 \u00a0 \u00a0 \u00a0 \u00a0 \u00a0 \u00a0 \u00a0 \u00a0 \u00a0 \u00a0 \u00a0 \u00a0 \u00a0 \u00a0 \u00a0 \u00a0\u00a0<img decoding=\"async\" loading=\"lazy\" class=\"alignnone wp-image-1049\" src=\"https:\/\/escuelateodelina.educativa.org\/sitio\/wp-content\/uploads\/2020\/09\/WhatsApp-Image-2020-09-18-at-11.12.34-1.jpeg\" alt=\"\" width=\"75\" height=\"76\" \/><img decoding=\"async\" loading=\"lazy\" class=\"alignnone wp-image-1050\" src=\"https:\/\/escuelateodelina.educativa.org\/sitio\/wp-content\/uploads\/2020\/09\/WhatsApp-Image-2020-09-18-at-11.07.35-1.jpeg\" alt=\"\" width=\"239\" height=\"147\" \/><\/p>\n<p>&nbsp;<\/p>\n<p>&nbsp;<\/p>\n<p><strong style=\"text-align: center;\"><img decoding=\"async\" loading=\"lazy\" class=\"alignnone wp-image-1058\" src=\"https:\/\/escuelateodelina.educativa.org\/sitio\/wp-content\/uploads\/2020\/09\/WhatsApp-Image-2020-09-21-at-08.59.05-1.jpeg\" alt=\"\" width=\"279\" height=\"162\" \/>\u00a0 \u00a0 \u00a0 \u00a0 \u00a0<img decoding=\"async\" loading=\"lazy\" class=\"alignnone wp-image-1053\" src=\"https:\/\/escuelateodelina.educativa.org\/sitio\/wp-content\/uploads\/2020\/09\/WhatsApp-Image-2020-09-21-at-08.59.05-2.jpeg\" alt=\"\" width=\"308\" height=\"161\" \/><\/strong><\/p>\n<p><img decoding=\"async\" loading=\"lazy\" class=\"alignnone wp-image-1054\" src=\"https:\/\/escuelateodelina.educativa.org\/sitio\/wp-content\/uploads\/2020\/09\/WhatsApp-Image-2020-09-21-at-08.59.05-6.jpeg\" alt=\"\" width=\"280\" height=\"156\" \/>\u00a0 \u00a0 \u00a0 \u00a0 \u00a0\u00a0<img decoding=\"async\" loading=\"lazy\" class=\"alignnone wp-image-1055\" src=\"https:\/\/escuelateodelina.educativa.org\/sitio\/wp-content\/uploads\/2020\/09\/WhatsApp-Image-2020-09-21-at-08.59.05-5.jpeg\" alt=\"\" width=\"298\" height=\"162\" \/><\/p>\n<p><img decoding=\"async\" loading=\"lazy\" class=\"alignnone wp-image-1056\" src=\"https:\/\/escuelateodelina.educativa.org\/sitio\/wp-content\/uploads\/2020\/09\/WhatsApp-Image-2020-09-21-at-08.59.05-4.jpeg\" alt=\"\" width=\"285\" height=\"205\" \/>\u00a0 \u00a0 \u00a0 \u00a0\u00a0 <img decoding=\"async\" loading=\"lazy\" class=\"alignnone wp-image-1057\" src=\"https:\/\/escuelateodelina.educativa.org\/sitio\/wp-content\/uploads\/2020\/09\/WhatsApp-Image-2020-09-21-at-08.59.05-7.jpeg\" alt=\"\" width=\"299\" height=\"205\" \/><\/p>\n<p>&nbsp;<\/p>\n<p>Para enriquecer esta propuesta se realizan, a lo largo del a\u00f1o, convivencias, pernoctadas, \u201cmenefiestas\u201d, retiros y campamentos formativos y recreativos.<\/p>\n<p>Participan de actividades\u00a0 pastorales de la comunidad local: festejo del d\u00eda del ni\u00f1o, arroz solidario, visita a los abuelos y al Centro San Dami\u00e1n, etc. Adem\u00e1s, de los encuentros distritales: Acamapada Menesiana de Animadores. Acampada Menesiana. Retiro de j\u00f3venes.<\/p>\n<p><img decoding=\"async\" loading=\"lazy\" class=\"alignnone wp-image-1131\" src=\"https:\/\/escuelateodelina.educativa.org\/sitio\/wp-content\/uploads\/2020\/09\/WhatsApp-Image-2020-09-24-at-19.19.02-3.jpeg\" alt=\"\" width=\"450\" height=\"338\" \/><\/p>\n<p><img decoding=\"async\" loading=\"lazy\" class=\"alignnone wp-image-1132\" src=\"https:\/\/escuelateodelina.educativa.org\/sitio\/wp-content\/uploads\/2020\/09\/WhatsApp-Image-2020-09-24-at-19.19.02-2.jpeg\" alt=\"\" width=\"451\" height=\"335\" \/><\/p>\n<p><img decoding=\"async\" loading=\"lazy\" class=\"alignnone wp-image-1133\" src=\"https:\/\/escuelateodelina.educativa.org\/sitio\/wp-content\/uploads\/2020\/09\/WhatsApp-Image-2020-09-24-at-19.19.02-1.jpeg\" alt=\"\" width=\"452\" height=\"339\" \/><\/p>\n<p><img decoding=\"async\" loading=\"lazy\" class=\"alignnone wp-image-1134\" src=\"https:\/\/escuelateodelina.educativa.org\/sitio\/wp-content\/uploads\/2020\/09\/WhatsApp-Image-2020-09-24-at-19.19.02.jpeg\" alt=\"\" width=\"457\" height=\"385\" \/><\/p>\n<p>&nbsp;<\/p>\n<p>&nbsp;<\/p>\n<p>&nbsp;<\/p>\n<p>&nbsp;<\/p>\n","protected":false},"excerpt":{"rendered":"<p>\u00bfQu\u00e9 es el Movimiento Am\u00e9n? \u00a0\u00a0\u00a0\u00a0\u00a0\u00a0\u00a0\u00a0 El Movimiento Am\u00e9n es un Movimiento Apost\u00f3lico Menesiano que busca transmitir la espiritualidad que nos dejaron nuestros Fundadores, Juan Mar\u00eda de la Mennais y Gabriel Deshayes: \u201cDar a conocer a Jesucristo y su Evangelio\u201d. Es un espacio formativo para todos aquellos alumnos de 5to a 7mo grado del Nivel &#8230; <a title=\"Movimiento AMEN\" class=\"read-more\" href=\"https:\/\/escuelateodelina.educativa.org\/sitio\/movimiento-amen\/\" aria-label=\"More on Movimiento AMEN\">[+]<\/a><\/p>\n","protected":false},"author":45,"featured_media":0,"parent":0,"menu_order":0,"comment_status":"closed","ping_status":"closed","template":"","meta":[],"acf":[],"_links":{"self":[{"href":"https:\/\/escuelateodelina.educativa.org\/sitio\/wp-json\/wp\/v2\/pages\/1021"}],"collection":[{"href":"https:\/\/escuelateodelina.educativa.org\/sitio\/wp-json\/wp\/v2\/pages"}],"about":[{"href":"https:\/\/escuelateodelina.educativa.org\/sitio\/wp-json\/wp\/v2\/types\/page"}],"author":[{"embeddable":true,"href":"https:\/\/escuelateodelina.educativa.org\/sitio\/wp-json\/wp\/v2\/users\/45"}],"replies":[{"embeddable":true,"href":"https:\/\/escuelateodelina.educativa.org\/sitio\/wp-json\/wp\/v2\/comments?post=1021"}],"version-history":[{"count":5,"href":"https:\/\/escuelateodelina.educativa.org\/sitio\/wp-json\/wp\/v2\/pages\/1021\/revisions"}],"predecessor-version":[{"id":1135,"href":"https:\/\/escuelateodelina.educativa.org\/sitio\/wp-json\/wp\/v2\/pages\/1021\/revisions\/1135"}],"wp:attachment":[{"href":"https:\/\/escuelateodelina.educativa.org\/sitio\/wp-json\/wp\/v2\/media?parent=1021"}],"curies":[{"name":"wp","href":"https:\/\/api.w.org\/{rel}","templated":true}]}}