{"id":1011,"date":"2020-09-23T08:58:32","date_gmt":"2020-09-23T11:58:32","guid":{"rendered":"https:\/\/escuelateodelina.educativa.org\/sitio\/?page_id=1011"},"modified":"2020-11-16T11:22:48","modified_gmt":"2020-11-16T14:22:48","slug":"inscripcion-a-examenes","status":"publish","type":"page","link":"https:\/\/escuelateodelina.educativa.org\/sitio\/inscripcion-a-examenes\/","title":{"rendered":"Inscripci\u00f3n a Ex\u00e1menes"},"content":{"rendered":"<p>Ex\u00e1menes para alumnos\/as que adeuden materias Previas y\/o Regulares: el formulario de inscripci\u00f3n se encontrar\u00e1 disponible desde el d\u00eda 16\/11\/20 y hasta el d\u00eda 20\/11\/20 inclusive. Finalizado el plazo establecido NO se podr\u00e1n tomar nuevas solicitudes de inscripci\u00f3n.<\/p>\n<p>Para realizar la inscripci\u00f3n, abrir el link debajo:<\/p>\n<p><a href=\"https:\/\/docs.google.com\/forms\/d\/e\/1FAIpQLScCqRS1CViJtRaUpRg5ZAAL36wzkcQmfXXTkEU2kiBwl_GxTQ\/viewform?vc=0&amp;c=0&amp;w=1&amp;flr=0\">Formulario de Inscripci\u00f3n a Ex\u00e1menes diciembre 2020 &#8211; EESOPI 8060 &#8211; <\/a><\/p>\n<p>&nbsp;<\/p>\n","protected":false},"excerpt":{"rendered":"<p>Ex\u00e1menes para alumnos\/as que adeuden materias Previas y\/o Regulares: el formulario de inscripci\u00f3n se encontrar\u00e1 disponible desde el d\u00eda 16\/11\/20 y hasta el d\u00eda 20\/11\/20 inclusive. Finalizado el plazo establecido NO se podr\u00e1n tomar nuevas solicitudes de inscripci\u00f3n. Para realizar la inscripci\u00f3n, abrir el link debajo: Formulario de Inscripci\u00f3n a Ex\u00e1menes diciembre 2020 &#8211; EESOPI &#8230; <a title=\"Inscripci\u00f3n a Ex\u00e1menes\" class=\"read-more\" href=\"https:\/\/escuelateodelina.educativa.org\/sitio\/inscripcion-a-examenes\/\" aria-label=\"More on Inscripci\u00f3n a Ex\u00e1menes\">[+]<\/a><\/p>\n","protected":false},"author":45,"featured_media":0,"parent":0,"menu_order":0,"comment_status":"closed","ping_status":"closed","template":"","meta":[],"acf":[],"_links":{"self":[{"href":"https:\/\/escuelateodelina.educativa.org\/sitio\/wp-json\/wp\/v2\/pages\/1011"}],"collection":[{"href":"https:\/\/escuelateodelina.educativa.org\/sitio\/wp-json\/wp\/v2\/pages"}],"about":[{"href":"https:\/\/escuelateodelina.educativa.org\/sitio\/wp-json\/wp\/v2\/types\/page"}],"author":[{"embeddable":true,"href":"https:\/\/escuelateodelina.educativa.org\/sitio\/wp-json\/wp\/v2\/users\/45"}],"replies":[{"embeddable":true,"href":"https:\/\/escuelateodelina.educativa.org\/sitio\/wp-json\/wp\/v2\/comments?post=1011"}],"version-history":[{"count":5,"href":"https:\/\/escuelateodelina.educativa.org\/sitio\/wp-json\/wp\/v2\/pages\/1011\/revisions"}],"predecessor-version":[{"id":1344,"href":"https:\/\/escuelateodelina.educativa.org\/sitio\/wp-json\/wp\/v2\/pages\/1011\/revisions\/1344"}],"wp:attachment":[{"href":"https:\/\/escuelateodelina.educativa.org\/sitio\/wp-json\/wp\/v2\/media?parent=1011"}],"curies":[{"name":"wp","href":"https:\/\/api.w.org\/{rel}","templated":true}]}}